{"id":2874,"date":"2025-06-24T17:53:28","date_gmt":"2025-06-24T21:53:28","guid":{"rendered":"https:\/\/celtheq.webloft.cloud\/?page_id=2874"},"modified":"2025-07-05T14:55:15","modified_gmt":"2025-07-05T18:55:15","slug":"consultation-fr","status":"publish","type":"page","link":"https:\/\/www.celtheq.com\/fr\/consultation-fr\/","title":{"rendered":"Consultation"},"content":{"rendered":"\t\t<div data-elementor-type=\"wp-page\" data-elementor-id=\"2874\" class=\"elementor elementor-2874 elementor-2057\" data-elementor-post-type=\"page\">\n\t\t\t\t<div class=\"elementor-element elementor-element-543b48e e-con-full e-flex e-con e-parent\" data-id=\"543b48e\" data-element_type=\"container\" data-e-type=\"container\">\n\t\t<div class=\"elementor-element elementor-element-ec5aaf9 e-flex e-con-boxed e-con e-child\" data-id=\"ec5aaf9\" data-element_type=\"container\" data-e-type=\"container\" data-settings=\"{&quot;background_background&quot;:&quot;classic&quot;}\">\n\t\t\t\t\t<div class=\"e-con-inner\">\n\t\t\t\t<div class=\"elementor-element elementor-element-8249e67 elementor-widget elementor-widget-heading\" data-id=\"8249e67\" data-element_type=\"widget\" data-e-type=\"widget\" data-widget_type=\"heading.default\">\n\t\t\t\t\t<h1 class=\"elementor-heading-title elementor-size-default\">Un accompagnement personnalis\u00e9\npour une pose sur mesure<\/h1>\t\t\t\t<\/div>\n\t\t\t\t<div class=\"elementor-element elementor-element-908a5c5 elementor-absolute elementor-hidden-tablet elementor-hidden-mobile elementor-widget elementor-widget-image\" data-id=\"908a5c5\" data-element_type=\"widget\" data-e-type=\"widget\" data-settings=\"{&quot;_position&quot;:&quot;absolute&quot;}\" data-widget_type=\"image.default\">\n\t\t\t\t\t\t\t\t\t\t\t\t\t\t\t<img fetchpriority=\"high\" decoding=\"async\" width=\"563\" height=\"908\" src=\"https:\/\/www.celtheq.com\/wp-content\/uploads\/2025\/06\/flower-big-right.svg\" class=\"attachment-large size-large wp-image-1373\" alt=\"\" \/>\t\t\t\t\t\t\t\t\t\t\t\t\t\t\t<\/div>\n\t\t\t\t\t<\/div>\n\t\t\t\t<\/div>\n\t\t<div class=\"elementor-element elementor-element-34d4841 e-con-full e-flex e-con e-child\" data-id=\"34d4841\" data-element_type=\"container\" data-e-type=\"container\" data-settings=\"{&quot;background_background&quot;:&quot;classic&quot;}\">\n\t\t<div class=\"elementor-element elementor-element-7d782f0 e-con-full e-flex e-con e-child\" data-id=\"7d782f0\" data-element_type=\"container\" data-e-type=\"container\" data-settings=\"{&quot;background_background&quot;:&quot;classic&quot;}\">\n\t\t\t\t<div class=\"elementor-element elementor-element-7b75436 elementor-widget__width-inherit elementor-widget elementor-widget-image\" data-id=\"7b75436\" data-element_type=\"widget\" data-e-type=\"widget\" data-widget_type=\"image.default\">\n\t\t\t\t\t\t\t\t\t\t\t\t\t\t\t<img decoding=\"async\" width=\"930\" height=\"400\" src=\"https:\/\/www.celtheq.com\/wp-content\/uploads\/2025\/06\/consultation_banner.webp\" class=\"attachment-full size-full wp-image-2065\" alt=\"\" srcset=\"https:\/\/www.celtheq.com\/wp-content\/uploads\/2025\/06\/consultation_banner.webp 930w, https:\/\/www.celtheq.com\/wp-content\/uploads\/2025\/06\/consultation_banner-300x129.webp 300w, https:\/\/www.celtheq.com\/wp-content\/uploads\/2025\/06\/consultation_banner-768x330.webp 768w\" sizes=\"(max-width: 930px) 100vw, 930px\" \/>\t\t\t\t\t\t\t\t\t\t\t\t\t\t\t<\/div>\n\t\t\t\t<\/div>\n\t\t<div class=\"elementor-element elementor-element-69aa556 e-con-full e-flex e-con e-child\" data-id=\"69aa556\" data-element_type=\"container\" data-e-type=\"container\">\n\t\t\t\t<div class=\"elementor-element elementor-element-eb7f32f elementor-widget__width-initial elementor-widget elementor-widget-text-editor\" data-id=\"eb7f32f\" data-element_type=\"widget\" data-e-type=\"widget\" data-widget_type=\"text-editor.default\">\n\t\t\t\t\t\t\t\t\t<p>Vous souhaitez d\u00e9couvrir comment notre technologie de pose de manchons peut aider vos produits \u00e0 sortir du lot, \u00e9viter les mauvaises surprises tout en rentabilisant votre investissement?<\/p>\t\t\t\t\t\t\t\t<\/div>\n\t\t\t\t<div class=\"elementor-element elementor-element-8f04696 elementor-widget__width-initial elementor-widget elementor-widget-text-editor\" data-id=\"8f04696\" data-element_type=\"widget\" data-e-type=\"widget\" data-widget_type=\"text-editor.default\">\n\t\t\t\t\t\t\t\t\t<p>Gr\u00e2ce \u00e0 notre exp\u00e9rience de 30\u00a0ans dans le domaine, notre \u00e9quipe d&rsquo;experts se fera un plaisir de r\u00e9pondre \u00e0 vos besoins sp\u00e9cifiques en termes de\u00a0: qualit\u00e9, flexibilit\u00e9 mais aussi en rentabilit\u00e9 et en d\u00e9veloppement durable.<\/p>\t\t\t\t\t\t\t\t<\/div>\n\t\t\t\t<div class=\"elementor-element elementor-element-4decbe7 elementor-mobile-align-justify elementor-widget-mobile__width-inherit elementor-align-justify elementor-widget__width-initial elementor-widget elementor-widget-button\" data-id=\"4decbe7\" data-element_type=\"widget\" data-e-type=\"widget\" data-widget_type=\"button.default\">\n\t\t\t\t\t\t\t\t\t\t<a class=\"elementor-button elementor-button-link elementor-size-sm\" href=\"https:\/\/www.celtheq.com\/fr\/contact\/\">\n\t\t\t\t\t\t<span class=\"elementor-button-content-wrapper\">\n\t\t\t\t\t\t\t\t\t<span class=\"elementor-button-text\">Faites appel \u00e0 nos experts<\/span>\n\t\t\t\t\t<\/span>\n\t\t\t\t\t<\/a>\n\t\t\t\t\t\t\t\t<\/div>\n\t\t\t\t<\/div>\n\t\t\t\t<\/div>\n\t\t\t\t<\/div>\n\t\t<div class=\"elementor-element elementor-element-50d9090 e-flex e-con-boxed e-con e-parent\" data-id=\"50d9090\" data-element_type=\"container\" data-e-type=\"container\" data-settings=\"{&quot;background_background&quot;:&quot;classic&quot;}\">\n\t\t\t\t\t<div class=\"e-con-inner\">\n\t\t<div class=\"elementor-element elementor-element-8b75724 e-con-full e-flex e-con e-child\" data-id=\"8b75724\" data-element_type=\"container\" data-e-type=\"container\">\n\t\t<div class=\"elementor-element elementor-element-d233394 e-con-full e-flex e-con e-child\" data-id=\"d233394\" data-element_type=\"container\" data-e-type=\"container\">\n\t\t\t\t<div class=\"elementor-element elementor-element-ddf8918 elementor-widget-divider--view-line elementor-widget elementor-widget-divider\" data-id=\"ddf8918\" data-element_type=\"widget\" data-e-type=\"widget\" data-widget_type=\"divider.default\">\n\t\t\t\t\t\t\t<div class=\"elementor-divider\">\n\t\t\t<span class=\"elementor-divider-separator\">\n\t\t\t\t\t\t<\/span>\n\t\t<\/div>\n\t\t\t\t\t\t<\/div>\n\t\t\t\t<div class=\"elementor-element elementor-element-14c7623 elementor-widget-divider--view-line elementor-widget elementor-widget-divider\" data-id=\"14c7623\" data-element_type=\"widget\" data-e-type=\"widget\" data-widget_type=\"divider.default\">\n\t\t\t\t\t\t\t<div class=\"elementor-divider\">\n\t\t\t<span class=\"elementor-divider-separator\">\n\t\t\t\t\t\t<\/span>\n\t\t<\/div>\n\t\t\t\t\t\t<\/div>\n\t\t\t\t<div class=\"elementor-element elementor-element-7790cb7 elementor-widget__width-initial elementor-widget elementor-widget-heading\" data-id=\"7790cb7\" data-element_type=\"widget\" data-e-type=\"widget\" data-widget_type=\"heading.default\">\n\t\t\t\t\t<h3 class=\"elementor-heading-title elementor-size-default\">\u00c9tude de faisabilit\u00e9<\/h3>\t\t\t\t<\/div>\n\t\t\t\t<div class=\"elementor-element elementor-element-86ee3de elementor-widget__width-initial elementor-widget elementor-widget-text-editor\" data-id=\"86ee3de\" data-element_type=\"widget\" data-e-type=\"widget\" data-widget_type=\"text-editor.default\">\n\t\t\t\t\t\t\t\t\t<p>Notre \u00e9quipe commerciale la soumet au bureau d&rsquo;\u00e9tude qui va initier l&rsquo;\u00e9tude de faisabilit\u00e9 de votre projet en vous proposant une solution adapt\u00e9e.<\/p>\t\t\t\t\t\t\t\t<\/div>\n\t\t\t\t<\/div>\n\t\t<div class=\"elementor-element elementor-element-415f8b8 e-con-full e-flex e-con e-child\" data-id=\"415f8b8\" data-element_type=\"container\" data-e-type=\"container\">\n\t\t\t\t<div class=\"elementor-element elementor-element-4eb1cf4 elementor-widget-divider--view-line elementor-widget elementor-widget-divider\" data-id=\"4eb1cf4\" data-element_type=\"widget\" data-e-type=\"widget\" data-widget_type=\"divider.default\">\n\t\t\t\t\t\t\t<div class=\"elementor-divider\">\n\t\t\t<span class=\"elementor-divider-separator\">\n\t\t\t\t\t\t<\/span>\n\t\t<\/div>\n\t\t\t\t\t\t<\/div>\n\t\t\t\t<div class=\"elementor-element elementor-element-e15601d elementor-widget-divider--view-line elementor-widget elementor-widget-divider\" data-id=\"e15601d\" data-element_type=\"widget\" data-e-type=\"widget\" data-widget_type=\"divider.default\">\n\t\t\t\t\t\t\t<div class=\"elementor-divider\">\n\t\t\t<span class=\"elementor-divider-separator\">\n\t\t\t\t\t\t<\/span>\n\t\t<\/div>\n\t\t\t\t\t\t<\/div>\n\t\t\t\t<div class=\"elementor-element elementor-element-b352343 elementor-widget__width-initial elementor-widget elementor-widget-heading\" data-id=\"b352343\" data-element_type=\"widget\" data-e-type=\"widget\" data-widget_type=\"heading.default\">\n\t\t\t\t\t<h3 class=\"elementor-heading-title elementor-size-default\">Gestion de projet<\/h3>\t\t\t\t<\/div>\n\t\t\t\t<div class=\"elementor-element elementor-element-e11cc76 elementor-widget__width-initial elementor-widget elementor-widget-text-editor\" data-id=\"e11cc76\" data-element_type=\"widget\" data-e-type=\"widget\" data-widget_type=\"text-editor.default\">\n\t\t\t\t\t\t\t\t\t<p>Par la suite a lieu la s\u00e9lection des fournisseurs de manchons et l&rsquo;audit qui permettra de d\u00e9velopper un mod\u00e8le sur mesure r\u00e9pondant \u00e0 vos attentes.<\/p>\t\t\t\t\t\t\t\t<\/div>\n\t\t\t\t<\/div>\n\t\t\t\t<\/div>\n\t\t<div class=\"elementor-element elementor-element-5925570 e-con-full e-flex e-con e-child\" data-id=\"5925570\" data-element_type=\"container\" data-e-type=\"container\">\n\t\t<div class=\"elementor-element elementor-element-b1c9c53 e-con-full e-flex e-con e-child\" data-id=\"b1c9c53\" data-element_type=\"container\" data-e-type=\"container\">\n\t\t\t\t<div class=\"elementor-element elementor-element-e26cf6c elementor-widget-divider--view-line elementor-widget elementor-widget-divider\" data-id=\"e26cf6c\" data-element_type=\"widget\" data-e-type=\"widget\" data-widget_type=\"divider.default\">\n\t\t\t\t\t\t\t<div class=\"elementor-divider\">\n\t\t\t<span class=\"elementor-divider-separator\">\n\t\t\t\t\t\t<\/span>\n\t\t<\/div>\n\t\t\t\t\t\t<\/div>\n\t\t\t\t<div class=\"elementor-element elementor-element-fe57c55 elementor-widget-divider--view-line elementor-widget elementor-widget-divider\" data-id=\"fe57c55\" data-element_type=\"widget\" data-e-type=\"widget\" data-widget_type=\"divider.default\">\n\t\t\t\t\t\t\t<div class=\"elementor-divider\">\n\t\t\t<span class=\"elementor-divider-separator\">\n\t\t\t\t\t\t<\/span>\n\t\t<\/div>\n\t\t\t\t\t\t<\/div>\n\t\t\t\t<div class=\"elementor-element elementor-element-9a730b0 elementor-widget__width-initial elementor-widget elementor-widget-heading\" data-id=\"9a730b0\" data-element_type=\"widget\" data-e-type=\"widget\" data-widget_type=\"heading.default\">\n\t\t\t\t\t<h3 class=\"elementor-heading-title elementor-size-default\">Essai Technique<\/h3>\t\t\t\t<\/div>\n\t\t\t\t<div class=\"elementor-element elementor-element-6d2f6c1 elementor-widget__width-initial elementor-widget elementor-widget-text-editor\" data-id=\"6d2f6c1\" data-element_type=\"widget\" data-e-type=\"widget\" data-widget_type=\"text-editor.default\">\n\t\t\t\t\t\t\t\t\t<p>Lorsque vous effectuez le choix de votre applicateur, une s\u00e9rie de tests ainsi qu&rsquo;un d\u00e9veloppement de maquettes est \u00e9labor\u00e9. Le but \u00e9tant de l&rsquo;\u00e9valuer et valider sa conformit\u00e9 selon les sp\u00e9cifications exig\u00e9es.<\/p>\t\t\t\t\t\t\t\t<\/div>\n\t\t\t\t<\/div>\n\t\t<div class=\"elementor-element elementor-element-8f50810 e-con-full e-flex e-con e-child\" data-id=\"8f50810\" data-element_type=\"container\" data-e-type=\"container\">\n\t\t\t\t<div class=\"elementor-element elementor-element-850f153 elementor-widget-divider--view-line elementor-widget elementor-widget-divider\" data-id=\"850f153\" data-element_type=\"widget\" data-e-type=\"widget\" data-widget_type=\"divider.default\">\n\t\t\t\t\t\t\t<div class=\"elementor-divider\">\n\t\t\t<span class=\"elementor-divider-separator\">\n\t\t\t\t\t\t<\/span>\n\t\t<\/div>\n\t\t\t\t\t\t<\/div>\n\t\t\t\t<div class=\"elementor-element elementor-element-c3ff3d9 elementor-widget-divider--view-line elementor-widget elementor-widget-divider\" data-id=\"c3ff3d9\" data-element_type=\"widget\" data-e-type=\"widget\" data-widget_type=\"divider.default\">\n\t\t\t\t\t\t\t<div class=\"elementor-divider\">\n\t\t\t<span class=\"elementor-divider-separator\">\n\t\t\t\t\t\t<\/span>\n\t\t<\/div>\n\t\t\t\t\t\t<\/div>\n\t\t\t\t<div class=\"elementor-element elementor-element-26406ac elementor-widget__width-initial elementor-widget elementor-widget-heading\" data-id=\"26406ac\" data-element_type=\"widget\" data-e-type=\"widget\" data-widget_type=\"heading.default\">\n\t\t\t\t\t<h3 class=\"elementor-heading-title elementor-size-default\">Installation et tests techniques<\/h3>\t\t\t\t<\/div>\n\t\t\t\t<div class=\"elementor-element elementor-element-cf92845 elementor-widget__width-initial elementor-widget elementor-widget-text-editor\" data-id=\"cf92845\" data-element_type=\"widget\" data-e-type=\"widget\" data-widget_type=\"text-editor.default\">\n\t\t\t\t\t\t\t\t\t<p>Il s&rsquo;agit de l&rsquo;\u00e9tape finale avant le lancement de la production, celle-ci est cruciale car elle repr\u00e9sente la phase ultime du montage et des tests en pr\u00e9sence du technicien r\u00e9f\u00e9rent qui proc\u00e8dera \u00e0 la formation technique et th\u00e9orique des op\u00e9rateurs \u00e0 l&rsquo;usage des \u00e9quipements mais aussi \u00e0 leur maintenance.<\/p>\t\t\t\t\t\t\t\t<\/div>\n\t\t\t\t<\/div>\n\t\t\t\t<\/div>\n\t\t\t\t\t<\/div>\n\t\t\t\t<\/div>\n\t\t<div class=\"elementor-element elementor-element-21ee3f3 e-flex e-con-boxed e-con e-parent\" data-id=\"21ee3f3\" data-element_type=\"container\" data-e-type=\"container\" data-settings=\"{&quot;background_background&quot;:&quot;classic&quot;}\">\n\t\t\t\t\t<div class=\"e-con-inner\">\n\t\t<div class=\"elementor-element elementor-element-9c04a23 e-con-full e-flex e-con e-child\" data-id=\"9c04a23\" data-element_type=\"container\" data-e-type=\"container\">\n\t\t<div class=\"elementor-element elementor-element-8aa8a46 e-con-full e-flex e-con e-child\" data-id=\"8aa8a46\" data-element_type=\"container\" data-e-type=\"container\">\n\t\t\t\t<div class=\"elementor-element elementor-element-09f2a03 elementor-widget-divider--view-line elementor-widget elementor-widget-divider\" data-id=\"09f2a03\" data-element_type=\"widget\" data-e-type=\"widget\" data-widget_type=\"divider.default\">\n\t\t\t\t\t\t\t<div class=\"elementor-divider\">\n\t\t\t<span class=\"elementor-divider-separator\">\n\t\t\t\t\t\t<\/span>\n\t\t<\/div>\n\t\t\t\t\t\t<\/div>\n\t\t\t\t<div class=\"elementor-element elementor-element-c21ca48 elementor-widget-divider--view-line elementor-widget elementor-widget-divider\" data-id=\"c21ca48\" data-element_type=\"widget\" data-e-type=\"widget\" data-widget_type=\"divider.default\">\n\t\t\t\t\t\t\t<div class=\"elementor-divider\">\n\t\t\t<span class=\"elementor-divider-separator\">\n\t\t\t\t\t\t<\/span>\n\t\t<\/div>\n\t\t\t\t\t\t<\/div>\n\t\t\t\t<div class=\"elementor-element elementor-element-7eea276 elementor-widget__width-initial elementor-widget elementor-widget-heading\" data-id=\"7eea276\" data-element_type=\"widget\" data-e-type=\"widget\" data-widget_type=\"heading.default\">\n\t\t\t\t\t<h3 class=\"elementor-heading-title elementor-size-default\">Dans quelle mesure CeltheQ vous accompagne dans l'optimisation de votre processus de production?<\/h3>\t\t\t\t<\/div>\n\t\t\t\t<div class=\"elementor-element elementor-element-306c1d1 elementor-widget__width-initial elementor-widget elementor-widget-text-editor\" data-id=\"306c1d1\" data-element_type=\"widget\" data-e-type=\"widget\" data-widget_type=\"text-editor.default\">\n\t\t\t\t\t\t\t\t\t<p>Vous remarquez une baisse de rendement au niveau de la cha\u00eene de production. Peu importe votre besoin, CeltheQ s&rsquo;engage \u00e0 r\u00e9soudre votre probl\u00e8me en faisant appel \u00e0 son \u00e9quipe d&rsquo;experts qui pourront se d\u00e9placer dans votre usine et vous fournir un diagnostic complet. Quel que soit l&rsquo;incident, technique ou logiciel, notre \u00e9quipe s&rsquo;engage \u00e0 r\u00e9soudre votre probl\u00e8me dans les meilleures conditions et d\u00e9lais.<\/p>\t\t\t\t\t\t\t\t<\/div>\n\t\t\t\t<div class=\"elementor-element elementor-element-806d47c elementor-mobile-align-justify elementor-widget-mobile__width-inherit elementor-align-justify elementor-widget__width-initial elementor-widget elementor-widget-button\" data-id=\"806d47c\" data-element_type=\"widget\" data-e-type=\"widget\" data-widget_type=\"button.default\">\n\t\t\t\t\t\t\t\t\t\t<a class=\"elementor-button elementor-button-link elementor-size-sm\" href=\"https:\/\/www.celtheq.com\/fr\/contact\/\">\n\t\t\t\t\t\t<span class=\"elementor-button-content-wrapper\">\n\t\t\t\t\t\t\t\t\t<span class=\"elementor-button-text\">Parler \u00e0 un expert<\/span>\n\t\t\t\t\t<\/span>\n\t\t\t\t\t<\/a>\n\t\t\t\t\t\t\t\t<\/div>\n\t\t\t\t<\/div>\n\t\t\t\t<\/div>\n\t\t<div class=\"elementor-element elementor-element-9fad6ca e-con-full e-flex e-con e-child\" data-id=\"9fad6ca\" data-element_type=\"container\" data-e-type=\"container\" data-settings=\"{&quot;background_background&quot;:&quot;classic&quot;}\">\n\t\t\t\t<div class=\"elementor-element elementor-element-6709666 elementor-widget elementor-widget-image\" data-id=\"6709666\" data-element_type=\"widget\" data-e-type=\"widget\" data-widget_type=\"image.default\">\n\t\t\t\t\t\t\t\t\t\t\t\t\t\t\t<img decoding=\"async\" src=\"https:\/\/www.celtheq.com\/wp-content\/uploads\/elementor\/thumbs\/consultation_optmisation-r7srp1mmuxrr88fk44w6zc62y8f1v67e90sqsdk7pk.webp\" title=\"consultation_optmisation\" alt=\"consultation_optmisation\" loading=\"lazy\" \/>\t\t\t\t\t\t\t\t\t\t\t\t\t\t\t<\/div>\n\t\t\t\t<\/div>\n\t\t\t\t<div class=\"elementor-element elementor-element-9bf98c7 elementor-absolute elementor-hidden-tablet elementor-hidden-mobile elementor-widget elementor-widget-image\" data-id=\"9bf98c7\" data-element_type=\"widget\" data-e-type=\"widget\" data-settings=\"{&quot;_position&quot;:&quot;absolute&quot;}\" data-widget_type=\"image.default\">\n\t\t\t\t\t\t\t\t\t\t\t\t\t\t\t<img decoding=\"async\" width=\"1\" height=\"1\" src=\"https:\/\/www.celtheq.com\/wp-content\/uploads\/2025\/06\/flower-purple-right.4110b6b9.svg\" class=\"attachment-large size-large wp-image-2020\" alt=\"\" \/>\t\t\t\t\t\t\t\t\t\t\t\t\t\t\t<\/div>\n\t\t\t\t\t<\/div>\n\t\t\t\t<\/div>\n\t\t\t\t<\/div>\n\t\t","protected":false},"excerpt":{"rendered":"<p>Un accompagnement personnalis\u00e9 pour une pose sur mesure Vous souhaitez d\u00e9couvrir comment notre technologie de pose de manchons peut aider vos produits \u00e0 sortir du lot, \u00e9viter les mauvaises surprises tout en rentabilisant votre investissement? Gr\u00e2ce \u00e0 notre exp\u00e9rience de 30\u00a0ans dans le domaine, notre \u00e9quipe d&rsquo;experts se fera un plaisir de r\u00e9pondre \u00e0 vos [&hellip;]<\/p>\n","protected":false},"author":15,"featured_media":0,"parent":0,"menu_order":0,"comment_status":"closed","ping_status":"closed","template":"","meta":{"footnotes":""},"class_list":["post-2874","page","type-page","status-publish","hentry"],"yoast_head":"<!-- This site is optimized with the Yoast SEO plugin v27.5 - https:\/\/yoast.com\/product\/yoast-seo-wordpress\/ -->\n<title>Consultation - CeltheQ<\/title>\n<meta name=\"robots\" content=\"index, follow, max-snippet:-1, max-image-preview:large, max-video-preview:-1\" \/>\n<link rel=\"canonical\" href=\"https:\/\/www.celtheq.com\/fr\/consultation-fr\/\" \/>\n<meta property=\"og:locale\" content=\"fr_FR\" \/>\n<meta property=\"og:type\" content=\"article\" \/>\n<meta property=\"og:title\" content=\"Consultation - CeltheQ\" \/>\n<meta property=\"og:description\" content=\"Un accompagnement personnalis\u00e9 pour une pose sur mesure Vous souhaitez d\u00e9couvrir comment notre technologie de pose de manchons peut aider vos produits \u00e0 sortir du lot, \u00e9viter les mauvaises surprises tout en rentabilisant votre investissement? Gr\u00e2ce \u00e0 notre exp\u00e9rience de 30\u00a0ans dans le domaine, notre \u00e9quipe d&rsquo;experts se fera un plaisir de r\u00e9pondre \u00e0 vos [&hellip;]\" \/>\n<meta property=\"og:url\" content=\"https:\/\/www.celtheq.com\/fr\/consultation-fr\/\" \/>\n<meta property=\"og:site_name\" content=\"CeltheQ\" \/>\n<meta property=\"article:modified_time\" content=\"2025-07-05T18:55:15+00:00\" \/>\n<meta property=\"og:image\" content=\"https:\/\/celtheq.webloft.cloud\/wp-content\/uploads\/2025\/06\/flower-big-right.svg\" \/>\n<meta name=\"twitter:card\" content=\"summary_large_image\" \/>\n<meta name=\"twitter:label1\" content=\"Dur\u00e9e de lecture estim\u00e9e\" \/>\n\t<meta name=\"twitter:data1\" content=\"3 minutes\" \/>\n<script type=\"application\/ld+json\" class=\"yoast-schema-graph\">{\"@context\":\"https:\\\/\\\/schema.org\",\"@graph\":[{\"@type\":\"WebPage\",\"@id\":\"https:\\\/\\\/www.celtheq.com\\\/fr\\\/consultation-fr\\\/\",\"url\":\"https:\\\/\\\/www.celtheq.com\\\/fr\\\/consultation-fr\\\/\",\"name\":\"Consultation - CeltheQ\",\"isPartOf\":{\"@id\":\"https:\\\/\\\/www.celtheq.com\\\/fr\\\/#website\"},\"primaryImageOfPage\":{\"@id\":\"https:\\\/\\\/www.celtheq.com\\\/fr\\\/consultation-fr\\\/#primaryimage\"},\"image\":{\"@id\":\"https:\\\/\\\/www.celtheq.com\\\/fr\\\/consultation-fr\\\/#primaryimage\"},\"thumbnailUrl\":\"https:\\\/\\\/celtheq.webloft.cloud\\\/wp-content\\\/uploads\\\/2025\\\/06\\\/flower-big-right.svg\",\"datePublished\":\"2025-06-24T21:53:28+00:00\",\"dateModified\":\"2025-07-05T18:55:15+00:00\",\"breadcrumb\":{\"@id\":\"https:\\\/\\\/www.celtheq.com\\\/fr\\\/consultation-fr\\\/#breadcrumb\"},\"inLanguage\":\"fr-FR\",\"potentialAction\":[{\"@type\":\"ReadAction\",\"target\":[\"https:\\\/\\\/www.celtheq.com\\\/fr\\\/consultation-fr\\\/\"]}]},{\"@type\":\"ImageObject\",\"inLanguage\":\"fr-FR\",\"@id\":\"https:\\\/\\\/www.celtheq.com\\\/fr\\\/consultation-fr\\\/#primaryimage\",\"url\":\"https:\\\/\\\/celtheq.webloft.cloud\\\/wp-content\\\/uploads\\\/2025\\\/06\\\/flower-big-right.svg\",\"contentUrl\":\"https:\\\/\\\/celtheq.webloft.cloud\\\/wp-content\\\/uploads\\\/2025\\\/06\\\/flower-big-right.svg\"},{\"@type\":\"BreadcrumbList\",\"@id\":\"https:\\\/\\\/www.celtheq.com\\\/fr\\\/consultation-fr\\\/#breadcrumb\",\"itemListElement\":[{\"@type\":\"ListItem\",\"position\":1,\"name\":\"Accueil\",\"item\":\"https:\\\/\\\/www.celtheq.com\\\/fr\\\/\"},{\"@type\":\"ListItem\",\"position\":2,\"name\":\"Consultation\"}]},{\"@type\":\"WebSite\",\"@id\":\"https:\\\/\\\/www.celtheq.com\\\/fr\\\/#website\",\"url\":\"https:\\\/\\\/www.celtheq.com\\\/fr\\\/\",\"name\":\"CeltheQ\",\"description\":\"SLOGAN\",\"potentialAction\":[{\"@type\":\"SearchAction\",\"target\":{\"@type\":\"EntryPoint\",\"urlTemplate\":\"https:\\\/\\\/www.celtheq.com\\\/fr\\\/?s={search_term_string}\"},\"query-input\":{\"@type\":\"PropertyValueSpecification\",\"valueRequired\":true,\"valueName\":\"search_term_string\"}}],\"inLanguage\":\"fr-FR\"}]}<\/script>\n<!-- \/ Yoast SEO plugin. -->","yoast_head_json":{"title":"Consultation - CeltheQ","robots":{"index":"index","follow":"follow","max-snippet":"max-snippet:-1","max-image-preview":"max-image-preview:large","max-video-preview":"max-video-preview:-1"},"canonical":"https:\/\/www.celtheq.com\/fr\/consultation-fr\/","og_locale":"fr_FR","og_type":"article","og_title":"Consultation - CeltheQ","og_description":"Un accompagnement personnalis\u00e9 pour une pose sur mesure Vous souhaitez d\u00e9couvrir comment notre technologie de pose de manchons peut aider vos produits \u00e0 sortir du lot, \u00e9viter les mauvaises surprises tout en rentabilisant votre investissement? Gr\u00e2ce \u00e0 notre exp\u00e9rience de 30\u00a0ans dans le domaine, notre \u00e9quipe d&rsquo;experts se fera un plaisir de r\u00e9pondre \u00e0 vos [&hellip;]","og_url":"https:\/\/www.celtheq.com\/fr\/consultation-fr\/","og_site_name":"CeltheQ","article_modified_time":"2025-07-05T18:55:15+00:00","og_image":[{"url":"https:\/\/celtheq.webloft.cloud\/wp-content\/uploads\/2025\/06\/flower-big-right.svg","type":"","width":"","height":""}],"twitter_card":"summary_large_image","twitter_misc":{"Dur\u00e9e de lecture estim\u00e9e":"3 minutes"},"schema":{"@context":"https:\/\/schema.org","@graph":[{"@type":"WebPage","@id":"https:\/\/www.celtheq.com\/fr\/consultation-fr\/","url":"https:\/\/www.celtheq.com\/fr\/consultation-fr\/","name":"Consultation - CeltheQ","isPartOf":{"@id":"https:\/\/www.celtheq.com\/fr\/#website"},"primaryImageOfPage":{"@id":"https:\/\/www.celtheq.com\/fr\/consultation-fr\/#primaryimage"},"image":{"@id":"https:\/\/www.celtheq.com\/fr\/consultation-fr\/#primaryimage"},"thumbnailUrl":"https:\/\/celtheq.webloft.cloud\/wp-content\/uploads\/2025\/06\/flower-big-right.svg","datePublished":"2025-06-24T21:53:28+00:00","dateModified":"2025-07-05T18:55:15+00:00","breadcrumb":{"@id":"https:\/\/www.celtheq.com\/fr\/consultation-fr\/#breadcrumb"},"inLanguage":"fr-FR","potentialAction":[{"@type":"ReadAction","target":["https:\/\/www.celtheq.com\/fr\/consultation-fr\/"]}]},{"@type":"ImageObject","inLanguage":"fr-FR","@id":"https:\/\/www.celtheq.com\/fr\/consultation-fr\/#primaryimage","url":"https:\/\/celtheq.webloft.cloud\/wp-content\/uploads\/2025\/06\/flower-big-right.svg","contentUrl":"https:\/\/celtheq.webloft.cloud\/wp-content\/uploads\/2025\/06\/flower-big-right.svg"},{"@type":"BreadcrumbList","@id":"https:\/\/www.celtheq.com\/fr\/consultation-fr\/#breadcrumb","itemListElement":[{"@type":"ListItem","position":1,"name":"Accueil","item":"https:\/\/www.celtheq.com\/fr\/"},{"@type":"ListItem","position":2,"name":"Consultation"}]},{"@type":"WebSite","@id":"https:\/\/www.celtheq.com\/fr\/#website","url":"https:\/\/www.celtheq.com\/fr\/","name":"CeltheQ","description":"SLOGAN","potentialAction":[{"@type":"SearchAction","target":{"@type":"EntryPoint","urlTemplate":"https:\/\/www.celtheq.com\/fr\/?s={search_term_string}"},"query-input":{"@type":"PropertyValueSpecification","valueRequired":true,"valueName":"search_term_string"}}],"inLanguage":"fr-FR"}]}},"_links":{"self":[{"href":"https:\/\/www.celtheq.com\/fr\/wp-json\/wp\/v2\/pages\/2874","targetHints":{"allow":["GET"]}}],"collection":[{"href":"https:\/\/www.celtheq.com\/fr\/wp-json\/wp\/v2\/pages"}],"about":[{"href":"https:\/\/www.celtheq.com\/fr\/wp-json\/wp\/v2\/types\/page"}],"author":[{"embeddable":true,"href":"https:\/\/www.celtheq.com\/fr\/wp-json\/wp\/v2\/users\/15"}],"replies":[{"embeddable":true,"href":"https:\/\/www.celtheq.com\/fr\/wp-json\/wp\/v2\/comments?post=2874"}],"version-history":[{"count":0,"href":"https:\/\/www.celtheq.com\/fr\/wp-json\/wp\/v2\/pages\/2874\/revisions"}],"wp:attachment":[{"href":"https:\/\/www.celtheq.com\/fr\/wp-json\/wp\/v2\/media?parent=2874"}],"curies":[{"name":"wp","href":"https:\/\/api.w.org\/{rel}","templated":true}]}}