{"id":2820,"date":"2025-06-24T23:32:41","date_gmt":"2025-06-25T03:32:41","guid":{"rendered":"https:\/\/celtheq.webloft.cloud\/carrieres\/"},"modified":"2025-07-07T12:29:53","modified_gmt":"2025-07-07T16:29:53","slug":"carrieres","status":"publish","type":"page","link":"https:\/\/www.celtheq.com\/fr\/carrieres\/","title":{"rendered":"Carri\u00e8res"},"content":{"rendered":"\t\t<div data-elementor-type=\"wp-page\" data-elementor-id=\"2820\" class=\"elementor elementor-2820 elementor-2340\" data-elementor-post-type=\"page\">\n\t\t\t\t<div class=\"elementor-element elementor-element-543b48e e-con-full e-flex e-con e-parent\" data-id=\"543b48e\" data-element_type=\"container\" data-e-type=\"container\" data-settings=\"{&quot;background_background&quot;:&quot;classic&quot;}\">\n\t\t<div class=\"elementor-element elementor-element-ec5aaf9 e-flex e-con-boxed e-con e-child\" data-id=\"ec5aaf9\" data-element_type=\"container\" data-e-type=\"container\" data-settings=\"{&quot;background_background&quot;:&quot;classic&quot;}\">\n\t\t\t\t\t<div class=\"e-con-inner\">\n\t\t\t\t<div class=\"elementor-element elementor-element-8249e67 elementor-widget elementor-widget-heading\" data-id=\"8249e67\" data-element_type=\"widget\" data-e-type=\"widget\" data-widget_type=\"heading.default\">\n\t\t\t\t\t<h1 class=\"elementor-heading-title elementor-size-default\">Faites carri\u00e8re chez CeltheQ<\/h1>\t\t\t\t<\/div>\n\t\t\t\t<div class=\"elementor-element elementor-element-908a5c5 elementor-absolute elementor-hidden-tablet elementor-hidden-mobile elementor-widget elementor-widget-image\" data-id=\"908a5c5\" data-element_type=\"widget\" data-e-type=\"widget\" data-settings=\"{&quot;_position&quot;:&quot;absolute&quot;}\" data-widget_type=\"image.default\">\n\t\t\t\t\t\t\t\t\t\t\t\t\t\t\t<img fetchpriority=\"high\" decoding=\"async\" width=\"563\" height=\"908\" src=\"https:\/\/www.celtheq.com\/wp-content\/uploads\/2025\/06\/flower-big-right.svg\" class=\"attachment-large size-large wp-image-1373\" alt=\"\" \/>\t\t\t\t\t\t\t\t\t\t\t\t\t\t\t<\/div>\n\t\t\t\t\t<\/div>\n\t\t\t\t<\/div>\n\t\t<div class=\"elementor-element elementor-element-34d4841 e-con-full e-flex e-con e-child\" data-id=\"34d4841\" data-element_type=\"container\" data-e-type=\"container\" data-settings=\"{&quot;background_background&quot;:&quot;classic&quot;}\">\n\t\t<div class=\"elementor-element elementor-element-7d782f0 e-con-full e-flex e-con e-child\" data-id=\"7d782f0\" data-element_type=\"container\" data-e-type=\"container\" data-settings=\"{&quot;background_background&quot;:&quot;classic&quot;}\">\n\t\t\t\t<div class=\"elementor-element elementor-element-7b75436 elementor-widget__width-inherit elementor-widget elementor-widget-image\" data-id=\"7b75436\" data-element_type=\"widget\" data-e-type=\"widget\" data-widget_type=\"image.default\">\n\t\t\t\t\t\t\t\t\t\t\t\t\t\t\t<img decoding=\"async\" width=\"930\" height=\"400\" src=\"https:\/\/www.celtheq.com\/wp-content\/uploads\/2025\/06\/custom-packaging_banner.webp\" class=\"attachment-full size-full wp-image-2147\" alt=\"\" srcset=\"https:\/\/www.celtheq.com\/wp-content\/uploads\/2025\/06\/custom-packaging_banner.webp 930w, https:\/\/www.celtheq.com\/wp-content\/uploads\/2025\/06\/custom-packaging_banner-300x129.webp 300w, https:\/\/www.celtheq.com\/wp-content\/uploads\/2025\/06\/custom-packaging_banner-768x330.webp 768w\" sizes=\"(max-width: 930px) 100vw, 930px\" \/>\t\t\t\t\t\t\t\t\t\t\t\t\t\t\t<\/div>\n\t\t\t\t<\/div>\n\t\t<div class=\"elementor-element elementor-element-22b3e1d e-con-full e-flex e-con e-child\" data-id=\"22b3e1d\" data-element_type=\"container\" data-e-type=\"container\">\n\t\t\t\t<div class=\"elementor-element elementor-element-d201771 elementor-widget__width-initial elementor-widget elementor-widget-text-editor\" data-id=\"d201771\" data-element_type=\"widget\" data-e-type=\"widget\" data-widget_type=\"text-editor.default\">\n\t\t\t\t\t\t\t\t\t<p>Rejoignez une \u00e9quipe engag\u00e9e et passionn\u00e9e ayant des comp\u00e9tences \u00e0 la pointe de la technologie dans notre usine! Vous pourrez d\u00e9velopper vos comp\u00e9tences et votre expertise technique dans une entreprise \u00e0 taille humaine. Faites carri\u00e8re chez CeltheQ!<\/p>\n\t\t\t\t\t\t\t\t<\/div>\n\t\t\t\t<div class=\"elementor-element elementor-element-9f99026 elementor-mobile-align-justify elementor-widget-mobile__width-inherit elementor-align-justify elementor-widget__width-initial elementor-widget elementor-widget-button\" data-id=\"9f99026\" data-element_type=\"widget\" data-e-type=\"widget\" data-widget_type=\"button.default\">\n\t\t\t\t\t\t\t\t\t\t<a class=\"elementor-button elementor-button-link elementor-size-sm\" href=\"#spontaneous-application\">\n\t\t\t\t\t\t<span class=\"elementor-button-content-wrapper\">\n\t\t\t\t\t\t\t\t\t<span class=\"elementor-button-text\">Rejoindre notre entreprise<\/span>\n\t\t\t\t\t<\/span>\n\t\t\t\t\t<\/a>\n\t\t\t\t\t\t\t\t<\/div>\n\t\t\t\t<\/div>\n\t\t\t\t<\/div>\n\t\t\t\t<\/div>\n\t\t<div class=\"elementor-element elementor-element-21ee3f3 e-flex e-con-boxed e-con e-parent\" data-id=\"21ee3f3\" data-element_type=\"container\" data-e-type=\"container\" data-settings=\"{&quot;background_background&quot;:&quot;classic&quot;}\">\n\t\t\t\t\t<div class=\"e-con-inner\">\n\t\t<div class=\"elementor-element elementor-element-9c04a23 e-con-full e-flex e-con e-child\" data-id=\"9c04a23\" data-element_type=\"container\" data-e-type=\"container\">\n\t\t<div class=\"elementor-element elementor-element-8aa8a46 e-con-full e-flex e-con e-child\" data-id=\"8aa8a46\" data-element_type=\"container\" data-e-type=\"container\">\n\t\t\t\t<div class=\"elementor-element elementor-element-09f2a03 elementor-widget-divider--view-line elementor-widget elementor-widget-divider\" data-id=\"09f2a03\" data-element_type=\"widget\" data-e-type=\"widget\" data-widget_type=\"divider.default\">\n\t\t\t\t\t\t\t<div class=\"elementor-divider\">\n\t\t\t<span class=\"elementor-divider-separator\">\n\t\t\t\t\t\t<\/span>\n\t\t<\/div>\n\t\t\t\t\t\t<\/div>\n\t\t\t\t<div class=\"elementor-element elementor-element-c21ca48 elementor-widget-divider--view-line elementor-widget elementor-widget-divider\" data-id=\"c21ca48\" data-element_type=\"widget\" data-e-type=\"widget\" data-widget_type=\"divider.default\">\n\t\t\t\t\t\t\t<div class=\"elementor-divider\">\n\t\t\t<span class=\"elementor-divider-separator\">\n\t\t\t\t\t\t<\/span>\n\t\t<\/div>\n\t\t\t\t\t\t<\/div>\n\t\t\t\t<div class=\"elementor-element elementor-element-7eea276 elementor-widget__width-initial elementor-widget elementor-widget-heading\" data-id=\"7eea276\" data-element_type=\"widget\" data-e-type=\"widget\" data-widget_type=\"heading.default\">\n\t\t\t\t\t<h3 class=\"elementor-heading-title elementor-size-default\">Postes disponibles<\/h3>\t\t\t\t<\/div>\n\t\t\t\t<div class=\"elementor-element elementor-element-306c1d1 elementor-widget elementor-widget-text-editor\" data-id=\"306c1d1\" data-element_type=\"widget\" data-e-type=\"widget\" data-widget_type=\"text-editor.default\">\n\t\t\t\t\t\t\t\t\t<p>Nous n&rsquo;avons actuellement pas de postes vacants, mais nous encourageons les candidatures talentueuses. Soumettez votre candidature, et nous vous contacterons si une opportunit\u00e9 se\u00a0pr\u00e9sente.<\/p>\n\t\t\t\t\t\t\t\t<\/div>\n\t\t\t\t<\/div>\n\t\t\t\t<\/div>\n\t\t\t\t<div class=\"elementor-element elementor-element-9bf98c7 elementor-absolute elementor-hidden-tablet elementor-hidden-mobile elementor-widget elementor-widget-image\" data-id=\"9bf98c7\" data-element_type=\"widget\" data-e-type=\"widget\" data-settings=\"{&quot;_position&quot;:&quot;absolute&quot;}\" data-widget_type=\"image.default\">\n\t\t\t\t\t\t\t\t\t\t\t\t\t\t\t<img decoding=\"async\" width=\"1\" height=\"1\" src=\"https:\/\/www.celtheq.com\/wp-content\/uploads\/2025\/06\/flower-purple-right.4110b6b9.svg\" class=\"attachment-large size-large wp-image-2020\" alt=\"\" \/>\t\t\t\t\t\t\t\t\t\t\t\t\t\t\t<\/div>\n\t\t\t\t\t<\/div>\n\t\t\t\t<\/div>\n\t\t<div class=\"elementor-element elementor-element-8d045e7 e-flex e-con-boxed e-con e-parent\" data-id=\"8d045e7\" data-element_type=\"container\" data-e-type=\"container\" id=\"spontaneous-application\" data-settings=\"{&quot;background_background&quot;:&quot;classic&quot;}\">\n\t\t\t\t\t<div class=\"e-con-inner\">\n\t\t\t\t<div class=\"elementor-element elementor-element-b66fe1e elementor-widget-divider--view-line elementor-widget elementor-widget-divider\" data-id=\"b66fe1e\" data-element_type=\"widget\" data-e-type=\"widget\" data-widget_type=\"divider.default\">\n\t\t\t\t\t\t\t<div class=\"elementor-divider\">\n\t\t\t<span class=\"elementor-divider-separator\">\n\t\t\t\t\t\t<\/span>\n\t\t<\/div>\n\t\t\t\t\t\t<\/div>\n\t\t\t\t<div class=\"elementor-element elementor-element-e0fecce elementor-widget-divider--view-line elementor-widget elementor-widget-divider\" data-id=\"e0fecce\" data-element_type=\"widget\" data-e-type=\"widget\" data-widget_type=\"divider.default\">\n\t\t\t\t\t\t\t<div class=\"elementor-divider\">\n\t\t\t<span class=\"elementor-divider-separator\">\n\t\t\t\t\t\t<\/span>\n\t\t<\/div>\n\t\t\t\t\t\t<\/div>\n\t\t\t\t<div class=\"elementor-element elementor-element-fbf40e9 elementor-widget__width-inherit elementor-widget elementor-widget-heading\" data-id=\"fbf40e9\" data-element_type=\"widget\" data-e-type=\"widget\" data-widget_type=\"heading.default\">\n\t\t\t\t\t<h3 class=\"elementor-heading-title elementor-size-default\">Candidature spontan\u00e9e<\/h3>\t\t\t\t<\/div>\n\t\t<div class=\"elementor-element elementor-element-feef6e4 e-con-full e-flex e-con e-child\" data-id=\"feef6e4\" data-element_type=\"container\" data-e-type=\"container\">\n\t\t\t\t<div class=\"elementor-element elementor-element-db3f67d elementor-button-align-center elementor-widget elementor-widget-form\" data-id=\"db3f67d\" data-element_type=\"widget\" data-e-type=\"widget\" data-settings=\"{&quot;step_next_label&quot;:&quot;Suivant&quot;,&quot;step_previous_label&quot;:&quot;Pr\\u00e9c\\u00e9dent&quot;,&quot;step_type&quot;:&quot;number_text&quot;,&quot;step_icon_shape&quot;:&quot;circle&quot;}\" data-widget_type=\"form.default\">\n\t\t\t\t\t\t\t<form class=\"elementor-form\" method=\"post\" name=\"Candidature spontan\u00e9e\" aria-label=\"Candidature spontan\u00e9e\">\n\t\t\t<input type=\"hidden\" name=\"post_id\" value=\"2820\"\/>\n\t\t\t<input type=\"hidden\" name=\"form_id\" value=\"db3f67d\"\/>\n\t\t\t<input type=\"hidden\" name=\"referer_title\" value=\"Carri\u00e8res - CeltheQ\" \/>\n\n\t\t\t\t\t\t\t<input type=\"hidden\" name=\"queried_id\" value=\"2820\"\/>\n\t\t\t\n\t\t\t<div class=\"elementor-form-fields-wrapper elementor-labels-above\">\n\t\t\t\t\t\t\t\t<div class=\"elementor-field-type-text elementor-field-group elementor-column elementor-field-group-name elementor-col-25 elementor-field-required elementor-mark-required\">\n\t\t\t\t\t\t\t\t\t\t\t\t<label for=\"form-field-name\" class=\"elementor-field-label\">\n\t\t\t\t\t\t\t\tPr\u00e9nom\t\t\t\t\t\t\t<\/label>\n\t\t\t\t\t\t\t\t\t\t\t\t\t\t<input size=\"1\" type=\"text\" name=\"form_fields[name]\" id=\"form-field-name\" class=\"elementor-field elementor-size-md  elementor-field-textual\" placeholder=\"Pr\u00e9nom\" required=\"required\">\n\t\t\t\t\t\t\t\t\t\t\t<\/div>\n\t\t\t\t\t\t\t\t<div class=\"elementor-field-type-text elementor-field-group elementor-column elementor-field-group-lastname elementor-col-25 elementor-field-required elementor-mark-required\">\n\t\t\t\t\t\t\t\t\t\t\t\t<label for=\"form-field-lastname\" class=\"elementor-field-label\">\n\t\t\t\t\t\t\t\tNom\t\t\t\t\t\t\t<\/label>\n\t\t\t\t\t\t\t\t\t\t\t\t\t\t<input size=\"1\" type=\"text\" name=\"form_fields[lastname]\" id=\"form-field-lastname\" class=\"elementor-field elementor-size-md  elementor-field-textual\" placeholder=\"Nom\" required=\"required\">\n\t\t\t\t\t\t\t\t\t\t\t<\/div>\n\t\t\t\t\t\t\t\t<div class=\"elementor-field-type-text elementor-field-group elementor-column elementor-field-group-message elementor-col-50\">\n\t\t\t\t\t\t\t\t\t\t\t\t<label for=\"form-field-message\" class=\"elementor-field-label\">\n\t\t\t\t\t\t\t\tSujet\t\t\t\t\t\t\t<\/label>\n\t\t\t\t\t\t\t\t\t\t\t\t\t\t<input size=\"1\" type=\"text\" name=\"form_fields[message]\" id=\"form-field-message\" class=\"elementor-field elementor-size-md  elementor-field-textual\" placeholder=\"Quel poste voulez-vous appliquer?\">\n\t\t\t\t\t\t\t\t\t\t\t<\/div>\n\t\t\t\t\t\t\t\t<div class=\"elementor-field-type-tel elementor-field-group elementor-column elementor-field-group-field_96496ff elementor-col-25\">\n\t\t\t\t\t\t\t\t\t\t\t\t<label for=\"form-field-field_96496ff\" class=\"elementor-field-label\">\n\t\t\t\t\t\t\t\tT\u00e9l\u00e9phone\t\t\t\t\t\t\t<\/label>\n\t\t\t\t\t\t\t\t<input size=\"1\" type=\"tel\" name=\"form_fields[field_96496ff]\" id=\"form-field-field_96496ff\" class=\"elementor-field elementor-size-md  elementor-field-textual\" placeholder=\"###-###-####\" pattern=\"[0-9()#&amp;+*-=.]+\" title=\"Seuls les caract\u00e8res de num\u00e9ros de t\u00e9l\u00e9phone (#, -, *, etc.) sont accept\u00e9s.\">\n\n\t\t\t\t\t\t<\/div>\n\t\t\t\t\t\t\t\t<div class=\"elementor-field-type-email elementor-field-group elementor-column elementor-field-group-email elementor-col-25 elementor-field-required elementor-mark-required\">\n\t\t\t\t\t\t\t\t\t\t\t\t<label for=\"form-field-email\" class=\"elementor-field-label\">\n\t\t\t\t\t\t\t\tCourriel\t\t\t\t\t\t\t<\/label>\n\t\t\t\t\t\t\t\t\t\t\t\t\t\t<input size=\"1\" type=\"email\" name=\"form_fields[email]\" id=\"form-field-email\" class=\"elementor-field elementor-size-md  elementor-field-textual\" placeholder=\"exemple@exemple.ca\" required=\"required\">\n\t\t\t\t\t\t\t\t\t\t\t<\/div>\n\t\t\t\t\t\t\t\t<div class=\"elementor-field-type-upload elementor-field-group elementor-column elementor-field-group-field_878c1ab elementor-col-50\">\n\t\t\t\t\t\t\t\t\t\t\t\t<label for=\"form-field-field_878c1ab\" class=\"elementor-field-label\">\n\t\t\t\t\t\t\t\tT\u00e9l\u00e9charger votre CV\t\t\t\t\t\t\t<\/label>\n\t\t\t\t\t\t\t\t<input type=\"file\" name=\"form_fields[field_878c1ab]\" id=\"form-field-field_878c1ab\" class=\"elementor-field elementor-size-md  elementor-upload-field\" data-maxsize=\"5\" data-maxsize-message=\"Ce fichier d\u00e9passe la taille maximale autoris\u00e9e.\">\n\n\t\t\t\t\t\t<\/div>\n\t\t\t\t\t\t\t\t<div class=\"elementor-field-type-recaptcha_v3 elementor-field-group elementor-column elementor-field-group-field_1d3913c elementor-col-100 recaptcha_v3-bottomright\">\n\t\t\t\t\t<div class=\"elementor-field\" id=\"form-field-field_1d3913c\"><div class=\"elementor-g-recaptcha\" data-sitekey=\"6LeG3p0qAAAAAN7P30DUQlBervstUPyXvJDkmiJt\" data-type=\"v3\" data-action=\"Form\" data-badge=\"bottomright\" data-size=\"invisible\"><\/div><\/div>\t\t\t\t<\/div>\n\t\t\t\t\t\t\t\t<div class=\"elementor-field-group elementor-column elementor-field-type-submit elementor-col-100 e-form__buttons\">\n\t\t\t\t\t<button class=\"elementor-button elementor-size-sm\" type=\"submit\">\n\t\t\t\t\t\t<span class=\"elementor-button-content-wrapper\">\n\t\t\t\t\t\t\t\t\t\t\t\t\t\t\t\t\t\t\t\t\t\t<span class=\"elementor-button-text\">Postulez d\u00e8s maintenant<\/span>\n\t\t\t\t\t\t\t\t\t\t\t\t\t<\/span>\n\t\t\t\t\t<\/button>\n\t\t\t\t<\/div>\n\t\t\t<\/div>\n\t\t<\/form>\n\t\t\t\t\t\t<\/div>\n\t\t\t\t<\/div>\n\t\t\t\t\t<\/div>\n\t\t\t\t<\/div>\n\t\t\t\t<\/div>\n\t\t","protected":false},"excerpt":{"rendered":"<p>Faites carri\u00e8re chez CeltheQ Rejoignez une \u00e9quipe engag\u00e9e et passionn\u00e9e ayant des comp\u00e9tences \u00e0 la pointe de la technologie dans notre usine! Vous pourrez d\u00e9velopper vos comp\u00e9tences et votre expertise technique dans une entreprise \u00e0 taille humaine. Faites carri\u00e8re chez CeltheQ! Rejoindre notre entreprise Postes disponibles Nous n&rsquo;avons actuellement pas de postes vacants, mais nous [&hellip;]<\/p>\n","protected":false},"author":15,"featured_media":0,"parent":0,"menu_order":0,"comment_status":"closed","ping_status":"closed","template":"","meta":{"footnotes":""},"class_list":["post-2820","page","type-page","status-publish","hentry"],"yoast_head":"<!-- This site is optimized with the Yoast SEO plugin v27.5 - https:\/\/yoast.com\/product\/yoast-seo-wordpress\/ -->\n<title>Carri\u00e8res - CeltheQ<\/title>\n<meta name=\"robots\" content=\"index, follow, max-snippet:-1, max-image-preview:large, max-video-preview:-1\" \/>\n<link rel=\"canonical\" href=\"https:\/\/www.celtheq.com\/fr\/carrieres\/\" \/>\n<meta property=\"og:locale\" content=\"fr_FR\" \/>\n<meta property=\"og:type\" content=\"article\" \/>\n<meta property=\"og:title\" content=\"Carri\u00e8res - CeltheQ\" \/>\n<meta property=\"og:description\" content=\"Faites carri\u00e8re chez CeltheQ Rejoignez une \u00e9quipe engag\u00e9e et passionn\u00e9e ayant des comp\u00e9tences \u00e0 la pointe de la technologie dans notre usine! Vous pourrez d\u00e9velopper vos comp\u00e9tences et votre expertise technique dans une entreprise \u00e0 taille humaine. Faites carri\u00e8re chez CeltheQ! Rejoindre notre entreprise Postes disponibles Nous n&rsquo;avons actuellement pas de postes vacants, mais nous [&hellip;]\" \/>\n<meta property=\"og:url\" content=\"https:\/\/www.celtheq.com\/fr\/carrieres\/\" \/>\n<meta property=\"og:site_name\" content=\"CeltheQ\" \/>\n<meta property=\"article:modified_time\" content=\"2025-07-07T16:29:53+00:00\" \/>\n<meta property=\"og:image\" content=\"https:\/\/www.celtheq.com\/wp-content\/uploads\/2025\/06\/flower-big-right.svg\" \/>\n<meta name=\"twitter:card\" content=\"summary_large_image\" \/>\n<meta name=\"twitter:label1\" content=\"Dur\u00e9e de lecture estim\u00e9e\" \/>\n\t<meta name=\"twitter:data1\" content=\"1 minute\" \/>\n<script type=\"application\/ld+json\" class=\"yoast-schema-graph\">{\"@context\":\"https:\\\/\\\/schema.org\",\"@graph\":[{\"@type\":\"WebPage\",\"@id\":\"https:\\\/\\\/www.celtheq.com\\\/fr\\\/carrieres\\\/\",\"url\":\"https:\\\/\\\/www.celtheq.com\\\/fr\\\/carrieres\\\/\",\"name\":\"Carri\u00e8res - CeltheQ\",\"isPartOf\":{\"@id\":\"https:\\\/\\\/www.celtheq.com\\\/fr\\\/#website\"},\"primaryImageOfPage\":{\"@id\":\"https:\\\/\\\/www.celtheq.com\\\/fr\\\/carrieres\\\/#primaryimage\"},\"image\":{\"@id\":\"https:\\\/\\\/www.celtheq.com\\\/fr\\\/carrieres\\\/#primaryimage\"},\"thumbnailUrl\":\"https:\\\/\\\/www.celtheq.com\\\/wp-content\\\/uploads\\\/2025\\\/06\\\/flower-big-right.svg\",\"datePublished\":\"2025-06-25T03:32:41+00:00\",\"dateModified\":\"2025-07-07T16:29:53+00:00\",\"breadcrumb\":{\"@id\":\"https:\\\/\\\/www.celtheq.com\\\/fr\\\/carrieres\\\/#breadcrumb\"},\"inLanguage\":\"fr-FR\",\"potentialAction\":[{\"@type\":\"ReadAction\",\"target\":[\"https:\\\/\\\/www.celtheq.com\\\/fr\\\/carrieres\\\/\"]}]},{\"@type\":\"ImageObject\",\"inLanguage\":\"fr-FR\",\"@id\":\"https:\\\/\\\/www.celtheq.com\\\/fr\\\/carrieres\\\/#primaryimage\",\"url\":\"https:\\\/\\\/www.celtheq.com\\\/wp-content\\\/uploads\\\/2025\\\/06\\\/flower-big-right.svg\",\"contentUrl\":\"https:\\\/\\\/www.celtheq.com\\\/wp-content\\\/uploads\\\/2025\\\/06\\\/flower-big-right.svg\"},{\"@type\":\"BreadcrumbList\",\"@id\":\"https:\\\/\\\/www.celtheq.com\\\/fr\\\/carrieres\\\/#breadcrumb\",\"itemListElement\":[{\"@type\":\"ListItem\",\"position\":1,\"name\":\"Accueil\",\"item\":\"https:\\\/\\\/www.celtheq.com\\\/fr\\\/\"},{\"@type\":\"ListItem\",\"position\":2,\"name\":\"Carri\u00e8res\"}]},{\"@type\":\"WebSite\",\"@id\":\"https:\\\/\\\/www.celtheq.com\\\/fr\\\/#website\",\"url\":\"https:\\\/\\\/www.celtheq.com\\\/fr\\\/\",\"name\":\"CeltheQ\",\"description\":\"SLOGAN\",\"potentialAction\":[{\"@type\":\"SearchAction\",\"target\":{\"@type\":\"EntryPoint\",\"urlTemplate\":\"https:\\\/\\\/www.celtheq.com\\\/fr\\\/?s={search_term_string}\"},\"query-input\":{\"@type\":\"PropertyValueSpecification\",\"valueRequired\":true,\"valueName\":\"search_term_string\"}}],\"inLanguage\":\"fr-FR\"}]}<\/script>\n<!-- \/ Yoast SEO plugin. -->","yoast_head_json":{"title":"Carri\u00e8res - CeltheQ","robots":{"index":"index","follow":"follow","max-snippet":"max-snippet:-1","max-image-preview":"max-image-preview:large","max-video-preview":"max-video-preview:-1"},"canonical":"https:\/\/www.celtheq.com\/fr\/carrieres\/","og_locale":"fr_FR","og_type":"article","og_title":"Carri\u00e8res - CeltheQ","og_description":"Faites carri\u00e8re chez CeltheQ Rejoignez une \u00e9quipe engag\u00e9e et passionn\u00e9e ayant des comp\u00e9tences \u00e0 la pointe de la technologie dans notre usine! Vous pourrez d\u00e9velopper vos comp\u00e9tences et votre expertise technique dans une entreprise \u00e0 taille humaine. Faites carri\u00e8re chez CeltheQ! Rejoindre notre entreprise Postes disponibles Nous n&rsquo;avons actuellement pas de postes vacants, mais nous [&hellip;]","og_url":"https:\/\/www.celtheq.com\/fr\/carrieres\/","og_site_name":"CeltheQ","article_modified_time":"2025-07-07T16:29:53+00:00","og_image":[{"url":"https:\/\/www.celtheq.com\/wp-content\/uploads\/2025\/06\/flower-big-right.svg","type":"","width":"","height":""}],"twitter_card":"summary_large_image","twitter_misc":{"Dur\u00e9e de lecture estim\u00e9e":"1 minute"},"schema":{"@context":"https:\/\/schema.org","@graph":[{"@type":"WebPage","@id":"https:\/\/www.celtheq.com\/fr\/carrieres\/","url":"https:\/\/www.celtheq.com\/fr\/carrieres\/","name":"Carri\u00e8res - CeltheQ","isPartOf":{"@id":"https:\/\/www.celtheq.com\/fr\/#website"},"primaryImageOfPage":{"@id":"https:\/\/www.celtheq.com\/fr\/carrieres\/#primaryimage"},"image":{"@id":"https:\/\/www.celtheq.com\/fr\/carrieres\/#primaryimage"},"thumbnailUrl":"https:\/\/www.celtheq.com\/wp-content\/uploads\/2025\/06\/flower-big-right.svg","datePublished":"2025-06-25T03:32:41+00:00","dateModified":"2025-07-07T16:29:53+00:00","breadcrumb":{"@id":"https:\/\/www.celtheq.com\/fr\/carrieres\/#breadcrumb"},"inLanguage":"fr-FR","potentialAction":[{"@type":"ReadAction","target":["https:\/\/www.celtheq.com\/fr\/carrieres\/"]}]},{"@type":"ImageObject","inLanguage":"fr-FR","@id":"https:\/\/www.celtheq.com\/fr\/carrieres\/#primaryimage","url":"https:\/\/www.celtheq.com\/wp-content\/uploads\/2025\/06\/flower-big-right.svg","contentUrl":"https:\/\/www.celtheq.com\/wp-content\/uploads\/2025\/06\/flower-big-right.svg"},{"@type":"BreadcrumbList","@id":"https:\/\/www.celtheq.com\/fr\/carrieres\/#breadcrumb","itemListElement":[{"@type":"ListItem","position":1,"name":"Accueil","item":"https:\/\/www.celtheq.com\/fr\/"},{"@type":"ListItem","position":2,"name":"Carri\u00e8res"}]},{"@type":"WebSite","@id":"https:\/\/www.celtheq.com\/fr\/#website","url":"https:\/\/www.celtheq.com\/fr\/","name":"CeltheQ","description":"SLOGAN","potentialAction":[{"@type":"SearchAction","target":{"@type":"EntryPoint","urlTemplate":"https:\/\/www.celtheq.com\/fr\/?s={search_term_string}"},"query-input":{"@type":"PropertyValueSpecification","valueRequired":true,"valueName":"search_term_string"}}],"inLanguage":"fr-FR"}]}},"_links":{"self":[{"href":"https:\/\/www.celtheq.com\/fr\/wp-json\/wp\/v2\/pages\/2820","targetHints":{"allow":["GET"]}}],"collection":[{"href":"https:\/\/www.celtheq.com\/fr\/wp-json\/wp\/v2\/pages"}],"about":[{"href":"https:\/\/www.celtheq.com\/fr\/wp-json\/wp\/v2\/types\/page"}],"author":[{"embeddable":true,"href":"https:\/\/www.celtheq.com\/fr\/wp-json\/wp\/v2\/users\/15"}],"replies":[{"embeddable":true,"href":"https:\/\/www.celtheq.com\/fr\/wp-json\/wp\/v2\/comments?post=2820"}],"version-history":[{"count":3,"href":"https:\/\/www.celtheq.com\/fr\/wp-json\/wp\/v2\/pages\/2820\/revisions"}],"predecessor-version":[{"id":3250,"href":"https:\/\/www.celtheq.com\/fr\/wp-json\/wp\/v2\/pages\/2820\/revisions\/3250"}],"wp:attachment":[{"href":"https:\/\/www.celtheq.com\/fr\/wp-json\/wp\/v2\/media?parent=2820"}],"curies":[{"name":"wp","href":"https:\/\/api.w.org\/{rel}","templated":true}]}}